{"id":6,"date":"2020-01-29T17:50:14","date_gmt":"2020-01-29T15:50:14","guid":{"rendered":"http:\/\/dirhami.dev\/?page_id=6"},"modified":"2025-06-24T23:06:17","modified_gmt":"2025-06-24T20:06:17","slug":"sadam","status":"publish","type":"page","link":"https:\/\/dirhami.ee\/en\/sadam\/","title":{"rendered":"Sadam"},"content":{"rendered":"<p>Dirhami sadam on Eesti-ja L\u00e4\u00e4nemere loodesadam, mis on suvekuudel atraktiivne jahisadam ja toimib talvel tegusa kala &#8211; ja kaubasadamana. Soodne asukoht meelitab ligi igast suunast saabuvaid merek\u00fclalisi. Sisses\u00f5it m\u00f6\u00f6da Dirhami liitsihti on lihtne ja l\u00fchike ning v\u00f5ib olla raskendatud vaid tugeva p\u00f5hja &#8211; ja kirdetuule korral. Sadam on aasta ringi j\u00e4\u00e4vaba ja tormi eest h\u00e4sti kaitstud. K\u00fclastajatele on kasutada elementaarsed h\u00fcgieeniteenused, k\u00fctusetankla, joogivesi, pilsivee- ja j\u00e4\u00e4tmete kogumine, paatide hoiustamine ja ka mitmesugused v\u00f5imalused m\u00f5nusat \u00e4raolemist nautida.<\/p>\n<p>L\u00e4\u00e4ne-Eesti Turismitegu 2016 tiitliga tunnustatud.<\/p>\n","protected":false},"excerpt":{"rendered":"<p>Dirhami sadam on Eesti-ja L\u00e4\u00e4nemere loodesadam, mis on suvekuudel atraktiivne jahisadam ja toimib talvel tegusa kala &#8211; ja kaubasadamana. Soodne asukoht meelitab ligi igast suunast saabuvaid merek\u00fclalisi. Sisses\u00f5it m\u00f6\u00f6da Dirhami liitsihti on lihtne ja l\u00fchike ning v\u00f5ib olla raskendatud vaid tugeva p\u00f5hja &#8211; ja kirdetuule [&hellip;]<\/p>\n","protected":false},"author":1,"featured_media":0,"parent":0,"menu_order":0,"comment_status":"closed","ping_status":"closed","template":"","meta":{"_acf_changed":false,"_monsterinsights_skip_tracking":false,"_monsterinsights_sitenote_active":false,"_monsterinsights_sitenote_note":"","_monsterinsights_sitenote_category":0,"footnotes":""},"class_list":["post-6","page","type-page","status-publish","hentry"],"acf":[],"yoast_head":"<!-- This site is optimized with the Yoast SEO plugin v27.3 - https:\/\/yoast.com\/product\/yoast-seo-wordpress\/ -->\n<title>Sadam - DIRHAMI SADAM<\/title>\n<meta name=\"robots\" content=\"index, follow, max-snippet:-1, max-image-preview:large, max-video-preview:-1\" \/>\n<link rel=\"canonical\" href=\"https:\/\/www.dirhami.ee\/en\/sadam\/\" \/>\n<meta property=\"og:locale\" content=\"en_US\" \/>\n<meta property=\"og:type\" content=\"article\" \/>\n<meta property=\"og:title\" content=\"Sadam - DIRHAMI SADAM\" \/>\n<meta property=\"og:description\" content=\"Dirhami sadam on Eesti-ja L\u00e4\u00e4nemere loodesadam, mis on suvekuudel atraktiivne jahisadam ja toimib talvel tegusa kala &#8211; ja kaubasadamana. Soodne asukoht meelitab ligi igast suunast saabuvaid merek\u00fclalisi. Sisses\u00f5it m\u00f6\u00f6da Dirhami liitsihti on lihtne ja l\u00fchike ning v\u00f5ib olla raskendatud vaid tugeva p\u00f5hja &#8211; ja kirdetuule [&hellip;]\" \/>\n<meta property=\"og:url\" content=\"https:\/\/www.dirhami.ee\/en\/sadam\/\" \/>\n<meta property=\"og:site_name\" content=\"DIRHAMI SADAM\" \/>\n<meta property=\"article:modified_time\" content=\"2025-06-24T20:06:17+00:00\" \/>\n<meta name=\"twitter:card\" content=\"summary_large_image\" \/>\n<meta name=\"twitter:label1\" content=\"Est. reading time\" \/>\n\t<meta name=\"twitter:data1\" content=\"1 minute\" \/>\n<script type=\"application\/ld+json\" class=\"yoast-schema-graph\">{\"@context\":\"https:\\\/\\\/schema.org\",\"@graph\":[{\"@type\":\"WebPage\",\"@id\":\"https:\\\/\\\/www.dirhami.ee\\\/en\\\/sadam\\\/\",\"url\":\"https:\\\/\\\/www.dirhami.ee\\\/en\\\/sadam\\\/\",\"name\":\"Sadam - DIRHAMI SADAM\",\"isPartOf\":{\"@id\":\"https:\\\/\\\/www.dirhami.ee\\\/#website\"},\"datePublished\":\"2020-01-29T15:50:14+00:00\",\"dateModified\":\"2025-06-24T20:06:17+00:00\",\"breadcrumb\":{\"@id\":\"https:\\\/\\\/www.dirhami.ee\\\/en\\\/sadam\\\/#breadcrumb\"},\"inLanguage\":\"en-US\",\"potentialAction\":[{\"@type\":\"ReadAction\",\"target\":[\"https:\\\/\\\/www.dirhami.ee\\\/en\\\/sadam\\\/\"]}]},{\"@type\":\"BreadcrumbList\",\"@id\":\"https:\\\/\\\/www.dirhami.ee\\\/en\\\/sadam\\\/#breadcrumb\",\"itemListElement\":[{\"@type\":\"ListItem\",\"position\":1,\"name\":\"Home\",\"item\":\"https:\\\/\\\/dirhami.ee\\\/en\\\/\"},{\"@type\":\"ListItem\",\"position\":2,\"name\":\"Sadam\"}]},{\"@type\":\"WebSite\",\"@id\":\"https:\\\/\\\/www.dirhami.ee\\\/#website\",\"url\":\"https:\\\/\\\/www.dirhami.ee\\\/\",\"name\":\"DIRHAMI SADAM\",\"description\":\"Eesti merev&auml;rav\",\"potentialAction\":[{\"@type\":\"SearchAction\",\"target\":{\"@type\":\"EntryPoint\",\"urlTemplate\":\"https:\\\/\\\/www.dirhami.ee\\\/?s={search_term_string}\"},\"query-input\":{\"@type\":\"PropertyValueSpecification\",\"valueRequired\":true,\"valueName\":\"search_term_string\"}}],\"inLanguage\":\"en-US\"}]}<\/script>\n<!-- \/ Yoast SEO plugin. -->","yoast_head_json":{"title":"Sadam - DIRHAMI SADAM","robots":{"index":"index","follow":"follow","max-snippet":"max-snippet:-1","max-image-preview":"max-image-preview:large","max-video-preview":"max-video-preview:-1"},"canonical":"https:\/\/www.dirhami.ee\/en\/sadam\/","og_locale":"en_US","og_type":"article","og_title":"Sadam - DIRHAMI SADAM","og_description":"Dirhami sadam on Eesti-ja L\u00e4\u00e4nemere loodesadam, mis on suvekuudel atraktiivne jahisadam ja toimib talvel tegusa kala &#8211; ja kaubasadamana. Soodne asukoht meelitab ligi igast suunast saabuvaid merek\u00fclalisi. Sisses\u00f5it m\u00f6\u00f6da Dirhami liitsihti on lihtne ja l\u00fchike ning v\u00f5ib olla raskendatud vaid tugeva p\u00f5hja &#8211; ja kirdetuule [&hellip;]","og_url":"https:\/\/www.dirhami.ee\/en\/sadam\/","og_site_name":"DIRHAMI SADAM","article_modified_time":"2025-06-24T20:06:17+00:00","twitter_card":"summary_large_image","twitter_misc":{"Est. reading time":"1 minute"},"schema":{"@context":"https:\/\/schema.org","@graph":[{"@type":"WebPage","@id":"https:\/\/www.dirhami.ee\/en\/sadam\/","url":"https:\/\/www.dirhami.ee\/en\/sadam\/","name":"Sadam - DIRHAMI SADAM","isPartOf":{"@id":"https:\/\/www.dirhami.ee\/#website"},"datePublished":"2020-01-29T15:50:14+00:00","dateModified":"2025-06-24T20:06:17+00:00","breadcrumb":{"@id":"https:\/\/www.dirhami.ee\/en\/sadam\/#breadcrumb"},"inLanguage":"en-US","potentialAction":[{"@type":"ReadAction","target":["https:\/\/www.dirhami.ee\/en\/sadam\/"]}]},{"@type":"BreadcrumbList","@id":"https:\/\/www.dirhami.ee\/en\/sadam\/#breadcrumb","itemListElement":[{"@type":"ListItem","position":1,"name":"Home","item":"https:\/\/dirhami.ee\/en\/"},{"@type":"ListItem","position":2,"name":"Sadam"}]},{"@type":"WebSite","@id":"https:\/\/www.dirhami.ee\/#website","url":"https:\/\/www.dirhami.ee\/","name":"DIRHAMI SADAM","description":"Eesti merev&auml;rav","potentialAction":[{"@type":"SearchAction","target":{"@type":"EntryPoint","urlTemplate":"https:\/\/www.dirhami.ee\/?s={search_term_string}"},"query-input":{"@type":"PropertyValueSpecification","valueRequired":true,"valueName":"search_term_string"}}],"inLanguage":"en-US"}]}},"_links":{"self":[{"href":"https:\/\/dirhami.ee\/en\/wp-json\/wp\/v2\/pages\/6","targetHints":{"allow":["GET"]}}],"collection":[{"href":"https:\/\/dirhami.ee\/en\/wp-json\/wp\/v2\/pages"}],"about":[{"href":"https:\/\/dirhami.ee\/en\/wp-json\/wp\/v2\/types\/page"}],"author":[{"embeddable":true,"href":"https:\/\/dirhami.ee\/en\/wp-json\/wp\/v2\/users\/1"}],"replies":[{"embeddable":true,"href":"https:\/\/dirhami.ee\/en\/wp-json\/wp\/v2\/comments?post=6"}],"version-history":[{"count":150,"href":"https:\/\/dirhami.ee\/en\/wp-json\/wp\/v2\/pages\/6\/revisions"}],"predecessor-version":[{"id":3757,"href":"https:\/\/dirhami.ee\/en\/wp-json\/wp\/v2\/pages\/6\/revisions\/3757"}],"wp:attachment":[{"href":"https:\/\/dirhami.ee\/en\/wp-json\/wp\/v2\/media?parent=6"}],"curies":[{"name":"wp","href":"https:\/\/api.w.org\/{rel}","templated":true}]}}